{"id":13,"date":"2024-10-10T12:44:33","date_gmt":"2024-10-10T10:44:33","guid":{"rendered":"https:\/\/digitalaekonomerna.se\/?page_id=13"},"modified":"2024-10-10T13:33:25","modified_gmt":"2024-10-10T11:33:25","slug":"digitalaekonomerna-se-ar-till-salu","status":"publish","type":"page","link":"https:\/\/digitalaekonomerna.se\/","title":{"rendered":"DigitalaEkonomerna.se \u00e4r till salu!"},"content":{"rendered":"\t\t<div data-elementor-type=\"wp-page\" data-elementor-id=\"13\" class=\"elementor elementor-13\">\n\t\t\t\t<div class=\"elementor-element elementor-element-6f2aae2 e-flex e-con-boxed e-con e-parent\" data-id=\"6f2aae2\" data-element_type=\"container\" data-settings=\"{&quot;background_background&quot;:&quot;classic&quot;}\">\n\t\t\t\t\t<div class=\"e-con-inner\">\n\t\t\t\t\t<\/div>\n\t\t\t\t<\/div>\n\t\t<div class=\"elementor-element elementor-element-3f1de40 e-flex e-con-boxed e-con e-parent\" data-id=\"3f1de40\" data-element_type=\"container\">\n\t\t\t\t\t<div class=\"e-con-inner\">\n\t\t<div class=\"elementor-element elementor-element-d6b680d e-con-full e-flex e-con e-child\" data-id=\"d6b680d\" data-element_type=\"container\">\n\t\t\t\t<div class=\"elementor-element elementor-element-5f8025e elementor-widget elementor-widget-heading\" data-id=\"5f8025e\" data-element_type=\"widget\" data-widget_type=\"heading.default\">\n\t\t\t\t<div class=\"elementor-widget-container\">\n\t\t\t<h2 class=\"elementor-heading-title elementor-size-default\">TILL SALU!<\/h2>\t\t<\/div>\n\t\t\t\t<\/div>\n\t\t\t\t<div class=\"elementor-element elementor-element-2e89aef elementor-widget elementor-widget-text-editor\" data-id=\"2e89aef\" data-element_type=\"widget\" data-widget_type=\"text-editor.default\">\n\t\t\t\t<div class=\"elementor-widget-container\">\n\t\t\t\t\t\t\t<p><strong>DigitalaEkonomerna.se<\/strong> \u00e4r en passande dom\u00e4n f\u00f6r den som vill erbjuda ekonomiska tj\u00e4nster digitalt, exempelvis en redovisningsbyr\u00e5 eller revisor. Nu kan du k\u00f6pa <strong>Dom\u00e4nen + Instagram-kontot<\/strong> f\u00f6r 49 000 SEK (exkl.moms).<\/p>\t\t\t\t\t\t<\/div>\n\t\t\t\t<\/div>\n\t\t\t\t<div class=\"elementor-element elementor-element-a54b5b4 elementor-align-center elementor-widget elementor-widget-button\" data-id=\"a54b5b4\" data-element_type=\"widget\" data-widget_type=\"button.default\">\n\t\t\t\t<div class=\"elementor-widget-container\">\n\t\t\t\t\t<div class=\"elementor-button-wrapper\">\n\t\t\t<a class=\"elementor-button elementor-button-link elementor-size-sm elementor-animation-grow\" href=\"mailto:contact@winx3marketing.com\">\n\t\t\t\t\t\t<span class=\"elementor-button-content-wrapper\">\n\t\t\t\t\t\t\t\t\t<span class=\"elementor-button-text\">Kontakta oss idag<\/span>\n\t\t\t\t\t<\/span>\n\t\t\t\t\t<\/a>\n\t\t<\/div>\n\t\t\t\t<\/div>\n\t\t\t\t<\/div>\n\t\t\t\t<div class=\"elementor-element elementor-element-6b64a58 elementor-widget elementor-widget-heading\" data-id=\"6b64a58\" data-element_type=\"widget\" data-widget_type=\"heading.default\">\n\t\t\t\t<div class=\"elementor-widget-container\">\n\t\t\t<h2 class=\"elementor-heading-title elementor-size-default\">FLER DOM\u00c4NER TILL SALU!<\/h2>\t\t<\/div>\n\t\t\t\t<\/div>\n\t\t\t\t<div class=\"elementor-element elementor-element-2738930 elementor-align-center elementor-mobile-align-left elementor-icon-list--layout-traditional elementor-list-item-link-full_width elementor-widget elementor-widget-icon-list\" data-id=\"2738930\" data-element_type=\"widget\" data-widget_type=\"icon-list.default\">\n\t\t\t\t<div class=\"elementor-widget-container\">\n\t\t\t\t\t<ul class=\"elementor-icon-list-items\">\n\t\t\t\t\t\t\t<li class=\"elementor-icon-list-item\">\n\t\t\t\t\t\t\t\t\t\t\t<span class=\"elementor-icon-list-icon\">\n\t\t\t\t\t\t\t<svg aria-hidden=\"true\" class=\"e-font-icon-svg e-fas-check\" viewBox=\"0 0 512 512\" xmlns=\"http:\/\/www.w3.org\/2000\/svg\"><path d=\"M173.898 439.404l-166.4-166.4c-9.997-9.997-9.997-26.206 0-36.204l36.203-36.204c9.997-9.998 26.207-9.998 36.204 0L192 312.69 432.095 72.596c9.997-9.997 26.207-9.997 36.204 0l36.203 36.204c9.997 9.997 9.997 26.206 0 36.204l-294.4 294.401c-9.998 9.997-26.207 9.997-36.204-.001z\"><\/path><\/svg>\t\t\t\t\t\t<\/span>\n\t\t\t\t\t\t\t\t\t\t<span class=\"elementor-icon-list-text\">F\u00f6retagsjuristerna.se + Instagram-konto<\/span>\n\t\t\t\t\t\t\t\t\t<\/li>\n\t\t\t\t\t\t\t\t<li class=\"elementor-icon-list-item\">\n\t\t\t\t\t\t\t\t\t\t\t<span class=\"elementor-icon-list-icon\">\n\t\t\t\t\t\t\t<svg aria-hidden=\"true\" class=\"e-font-icon-svg e-fas-check\" viewBox=\"0 0 512 512\" xmlns=\"http:\/\/www.w3.org\/2000\/svg\"><path d=\"M173.898 439.404l-166.4-166.4c-9.997-9.997-9.997-26.206 0-36.204l36.203-36.204c9.997-9.998 26.207-9.998 36.204 0L192 312.69 432.095 72.596c9.997-9.997 26.207-9.997 36.204 0l36.203 36.204c9.997 9.997 9.997 26.206 0 36.204l-294.4 294.401c-9.998 9.997-26.207 9.997-36.204-.001z\"><\/path><\/svg>\t\t\t\t\t\t<\/span>\n\t\t\t\t\t\t\t\t\t\t<span class=\"elementor-icon-list-text\">AvtalForetag.se + Instagram-konto<\/span>\n\t\t\t\t\t\t\t\t\t<\/li>\n\t\t\t\t\t\t\t\t<li class=\"elementor-icon-list-item\">\n\t\t\t\t\t\t\t\t\t\t\t<span class=\"elementor-icon-list-icon\">\n\t\t\t\t\t\t\t<svg aria-hidden=\"true\" class=\"e-font-icon-svg e-fas-check\" viewBox=\"0 0 512 512\" xmlns=\"http:\/\/www.w3.org\/2000\/svg\"><path d=\"M173.898 439.404l-166.4-166.4c-9.997-9.997-9.997-26.206 0-36.204l36.203-36.204c9.997-9.998 26.207-9.998 36.204 0L192 312.69 432.095 72.596c9.997-9.997 26.207-9.997 36.204 0l36.203 36.204c9.997 9.997 9.997 26.206 0 36.204l-294.4 294.401c-9.998 9.997-26.207 9.997-36.204-.001z\"><\/path><\/svg>\t\t\t\t\t\t<\/span>\n\t\t\t\t\t\t\t\t\t\t<span class=\"elementor-icon-list-text\">Cybercompliance.se + Instagram-konto<\/span>\n\t\t\t\t\t\t\t\t\t<\/li>\n\t\t\t\t\t\t\t\t<li class=\"elementor-icon-list-item\">\n\t\t\t\t\t\t\t\t\t\t\t<span class=\"elementor-icon-list-icon\">\n\t\t\t\t\t\t\t<svg aria-hidden=\"true\" class=\"e-font-icon-svg e-fas-check\" viewBox=\"0 0 512 512\" xmlns=\"http:\/\/www.w3.org\/2000\/svg\"><path d=\"M173.898 439.404l-166.4-166.4c-9.997-9.997-9.997-26.206 0-36.204l36.203-36.204c9.997-9.998 26.207-9.998 36.204 0L192 312.69 432.095 72.596c9.997-9.997 26.207-9.997 36.204 0l36.203 36.204c9.997 9.997 9.997 26.206 0 36.204l-294.4 294.401c-9.998 9.997-26.207 9.997-36.204-.001z\"><\/path><\/svg>\t\t\t\t\t\t<\/span>\n\t\t\t\t\t\t\t\t\t\t<span class=\"elementor-icon-list-text\">Cybercompliant.se + Instagram-konto<\/span>\n\t\t\t\t\t\t\t\t\t<\/li>\n\t\t\t\t\t\t<\/ul>\n\t\t\t\t<\/div>\n\t\t\t\t<\/div>\n\t\t\t\t<\/div>\n\t\t\t\t\t<\/div>\n\t\t\t\t<\/div>\n\t\t\t\t<\/div>\n\t\t","protected":false},"excerpt":{"rendered":"<p>TILL SALU! DigitalaEkonomerna.se \u00e4r en passande dom\u00e4n f\u00f6r den som vill erbjuda ekonomiska tj\u00e4nster digitalt, exempelvis en redovisningsbyr\u00e5 eller revisor. [&hellip;]<\/p>\n","protected":false},"author":1,"featured_media":31,"parent":0,"menu_order":0,"comment_status":"closed","ping_status":"closed","template":"","meta":{"site-sidebar-layout":"no-sidebar","site-content-layout":"","ast-site-content-layout":"full-width-container","site-content-style":"default","site-sidebar-style":"default","ast-global-header-display":"","ast-banner-title-visibility":"","ast-main-header-display":"","ast-hfb-above-header-display":"","ast-hfb-below-header-display":"","ast-hfb-mobile-header-display":"","site-post-title":"disabled","ast-breadcrumbs-content":"","ast-featured-img":"disabled","footer-sml-layout":"","theme-transparent-header-meta":"","adv-header-id-meta":"","stick-header-meta":"","header-above-stick-meta":"","header-main-stick-meta":"","header-below-stick-meta":"","astra-migrate-meta-layouts":"default","ast-page-background-enabled":"default","ast-page-background-meta":{"desktop":{"background-color":"var(--ast-global-color-4)","background-image":"","background-repeat":"repeat","background-position":"center center","background-size":"auto","background-attachment":"scroll","background-type":"","background-media":"","overlay-type":"","overlay-color":"","overlay-opacity":"","overlay-gradient":""},"tablet":{"background-color":"","background-image":"","background-repeat":"repeat","background-position":"center center","background-size":"auto","background-attachment":"scroll","background-type":"","background-media":"","overlay-type":"","overlay-color":"","overlay-opacity":"","overlay-gradient":""},"mobile":{"background-color":"","background-image":"","background-repeat":"repeat","background-position":"center center","background-size":"auto","background-attachment":"scroll","background-type":"","background-media":"","overlay-type":"","overlay-color":"","overlay-opacity":"","overlay-gradient":""}},"ast-content-background-meta":{"desktop":{"background-color":"var(--ast-global-color-5)","background-image":"","background-repeat":"repeat","background-position":"center center","background-size":"auto","background-attachment":"scroll","background-type":"","background-media":"","overlay-type":"","overlay-color":"","overlay-opacity":"","overlay-gradient":""},"tablet":{"background-color":"var(--ast-global-color-5)","background-image":"","background-repeat":"repeat","background-position":"center center","background-size":"auto","background-attachment":"scroll","background-type":"","background-media":"","overlay-type":"","overlay-color":"","overlay-opacity":"","overlay-gradient":""},"mobile":{"background-color":"var(--ast-global-color-5)","background-image":"","background-repeat":"repeat","background-position":"center center","background-size":"auto","background-attachment":"scroll","background-type":"","background-media":"","overlay-type":"","overlay-color":"","overlay-opacity":"","overlay-gradient":""}},"footnotes":""},"class_list":["post-13","page","type-page","status-publish","has-post-thumbnail","hentry"],"yoast_head":"<!-- This site is optimized with the Yoast SEO plugin v23.6 - https:\/\/yoast.com\/wordpress\/plugins\/seo\/ -->\n<title>DigitalaEkonomerna.se \u00e4r till salu! + Instagram-konto<\/title>\n<meta name=\"description\" content=\"DigitalaEkonomerna.se \u00e4r till salu och passar f\u00f6r den som vill erbjuda ekonomiska tj\u00e4nster digitalt, tex. redovisningsbyr\u00e5 eller revisor.\" \/>\n<meta name=\"robots\" content=\"index, follow, max-snippet:-1, max-image-preview:large, max-video-preview:-1\" \/>\n<link rel=\"canonical\" href=\"https:\/\/digitalaekonomerna.se\/\" \/>\n<meta property=\"og:locale\" content=\"sv_SE\" \/>\n<meta property=\"og:type\" content=\"article\" \/>\n<meta property=\"og:title\" content=\"DigitalaEkonomerna.se \u00e4r till salu! + Instagram-konto\" \/>\n<meta property=\"og:description\" content=\"DigitalaEkonomerna.se \u00e4r till salu och passar f\u00f6r den som vill erbjuda ekonomiska tj\u00e4nster digitalt, tex. redovisningsbyr\u00e5 eller revisor.\" \/>\n<meta property=\"og:url\" content=\"https:\/\/digitalaekonomerna.se\/\" \/>\n<meta property=\"og:site_name\" content=\"Digitala Ekonomerna\" \/>\n<meta property=\"article:modified_time\" content=\"2024-10-10T11:33:25+00:00\" \/>\n<meta property=\"og:image\" content=\"https:\/\/digitalaekonomerna.se\/wp-content\/uploads\/2024\/10\/pexels-olly-845451-scaled.jpg\" \/>\n\t<meta property=\"og:image:width\" content=\"2560\" \/>\n\t<meta property=\"og:image:height\" content=\"1707\" \/>\n\t<meta property=\"og:image:type\" content=\"image\/jpeg\" \/>\n<meta name=\"twitter:card\" content=\"summary_large_image\" \/>\n<meta name=\"twitter:label1\" content=\"Ber\u00e4knad l\u00e4stid\" \/>\n\t<meta name=\"twitter:data1\" content=\"1 minut\" \/>\n<script type=\"application\/ld+json\" class=\"yoast-schema-graph\">{\"@context\":\"https:\/\/schema.org\",\"@graph\":[{\"@type\":\"WebPage\",\"@id\":\"https:\/\/digitalaekonomerna.se\/\",\"url\":\"https:\/\/digitalaekonomerna.se\/\",\"name\":\"DigitalaEkonomerna.se \u00e4r till salu! + Instagram-konto\",\"isPartOf\":{\"@id\":\"https:\/\/digitalaekonomerna.se\/#website\"},\"primaryImageOfPage\":{\"@id\":\"https:\/\/digitalaekonomerna.se\/#primaryimage\"},\"image\":{\"@id\":\"https:\/\/digitalaekonomerna.se\/#primaryimage\"},\"thumbnailUrl\":\"https:\/\/digitalaekonomerna.se\/wp-content\/uploads\/2024\/10\/pexels-olly-845451-scaled.jpg\",\"datePublished\":\"2024-10-10T10:44:33+00:00\",\"dateModified\":\"2024-10-10T11:33:25+00:00\",\"description\":\"DigitalaEkonomerna.se \u00e4r till salu och passar f\u00f6r den som vill erbjuda ekonomiska tj\u00e4nster digitalt, tex. redovisningsbyr\u00e5 eller revisor.\",\"breadcrumb\":{\"@id\":\"https:\/\/digitalaekonomerna.se\/#breadcrumb\"},\"inLanguage\":\"sv-SE\",\"potentialAction\":[{\"@type\":\"ReadAction\",\"target\":[\"https:\/\/digitalaekonomerna.se\/\"]}]},{\"@type\":\"ImageObject\",\"inLanguage\":\"sv-SE\",\"@id\":\"https:\/\/digitalaekonomerna.se\/#primaryimage\",\"url\":\"https:\/\/digitalaekonomerna.se\/wp-content\/uploads\/2024\/10\/pexels-olly-845451-scaled.jpg\",\"contentUrl\":\"https:\/\/digitalaekonomerna.se\/wp-content\/uploads\/2024\/10\/pexels-olly-845451-scaled.jpg\",\"width\":2560,\"height\":1707,\"caption\":\"Digitala Ekonomerna \u00e4r till salu\"},{\"@type\":\"BreadcrumbList\",\"@id\":\"https:\/\/digitalaekonomerna.se\/#breadcrumb\",\"itemListElement\":[{\"@type\":\"ListItem\",\"position\":1,\"name\":\"Hem\",\"item\":\"https:\/\/digitalaekonomerna.se\/\"},{\"@type\":\"ListItem\",\"position\":2,\"name\":\"DigitalaEkonomerna.se \u00e4r till salu!\"}]},{\"@type\":\"WebSite\",\"@id\":\"https:\/\/digitalaekonomerna.se\/#website\",\"url\":\"https:\/\/digitalaekonomerna.se\/\",\"name\":\"Digitala Ekonomerna\",\"description\":\"\",\"potentialAction\":[{\"@type\":\"SearchAction\",\"target\":{\"@type\":\"EntryPoint\",\"urlTemplate\":\"https:\/\/digitalaekonomerna.se\/?s={search_term_string}\"},\"query-input\":{\"@type\":\"PropertyValueSpecification\",\"valueRequired\":true,\"valueName\":\"search_term_string\"}}],\"inLanguage\":\"sv-SE\"}]}<\/script>\n<!-- \/ Yoast SEO plugin. -->","yoast_head_json":{"title":"DigitalaEkonomerna.se \u00e4r till salu! + Instagram-konto","description":"DigitalaEkonomerna.se \u00e4r till salu och passar f\u00f6r den som vill erbjuda ekonomiska tj\u00e4nster digitalt, tex. redovisningsbyr\u00e5 eller revisor.","robots":{"index":"index","follow":"follow","max-snippet":"max-snippet:-1","max-image-preview":"max-image-preview:large","max-video-preview":"max-video-preview:-1"},"canonical":"https:\/\/digitalaekonomerna.se\/","og_locale":"sv_SE","og_type":"article","og_title":"DigitalaEkonomerna.se \u00e4r till salu! + Instagram-konto","og_description":"DigitalaEkonomerna.se \u00e4r till salu och passar f\u00f6r den som vill erbjuda ekonomiska tj\u00e4nster digitalt, tex. redovisningsbyr\u00e5 eller revisor.","og_url":"https:\/\/digitalaekonomerna.se\/","og_site_name":"Digitala Ekonomerna","article_modified_time":"2024-10-10T11:33:25+00:00","og_image":[{"width":2560,"height":1707,"url":"https:\/\/digitalaekonomerna.se\/wp-content\/uploads\/2024\/10\/pexels-olly-845451-scaled.jpg","type":"image\/jpeg"}],"twitter_card":"summary_large_image","twitter_misc":{"Ber\u00e4knad l\u00e4stid":"1 minut"},"schema":{"@context":"https:\/\/schema.org","@graph":[{"@type":"WebPage","@id":"https:\/\/digitalaekonomerna.se\/","url":"https:\/\/digitalaekonomerna.se\/","name":"DigitalaEkonomerna.se \u00e4r till salu! + Instagram-konto","isPartOf":{"@id":"https:\/\/digitalaekonomerna.se\/#website"},"primaryImageOfPage":{"@id":"https:\/\/digitalaekonomerna.se\/#primaryimage"},"image":{"@id":"https:\/\/digitalaekonomerna.se\/#primaryimage"},"thumbnailUrl":"https:\/\/digitalaekonomerna.se\/wp-content\/uploads\/2024\/10\/pexels-olly-845451-scaled.jpg","datePublished":"2024-10-10T10:44:33+00:00","dateModified":"2024-10-10T11:33:25+00:00","description":"DigitalaEkonomerna.se \u00e4r till salu och passar f\u00f6r den som vill erbjuda ekonomiska tj\u00e4nster digitalt, tex. redovisningsbyr\u00e5 eller revisor.","breadcrumb":{"@id":"https:\/\/digitalaekonomerna.se\/#breadcrumb"},"inLanguage":"sv-SE","potentialAction":[{"@type":"ReadAction","target":["https:\/\/digitalaekonomerna.se\/"]}]},{"@type":"ImageObject","inLanguage":"sv-SE","@id":"https:\/\/digitalaekonomerna.se\/#primaryimage","url":"https:\/\/digitalaekonomerna.se\/wp-content\/uploads\/2024\/10\/pexels-olly-845451-scaled.jpg","contentUrl":"https:\/\/digitalaekonomerna.se\/wp-content\/uploads\/2024\/10\/pexels-olly-845451-scaled.jpg","width":2560,"height":1707,"caption":"Digitala Ekonomerna \u00e4r till salu"},{"@type":"BreadcrumbList","@id":"https:\/\/digitalaekonomerna.se\/#breadcrumb","itemListElement":[{"@type":"ListItem","position":1,"name":"Hem","item":"https:\/\/digitalaekonomerna.se\/"},{"@type":"ListItem","position":2,"name":"DigitalaEkonomerna.se \u00e4r till salu!"}]},{"@type":"WebSite","@id":"https:\/\/digitalaekonomerna.se\/#website","url":"https:\/\/digitalaekonomerna.se\/","name":"Digitala Ekonomerna","description":"","potentialAction":[{"@type":"SearchAction","target":{"@type":"EntryPoint","urlTemplate":"https:\/\/digitalaekonomerna.se\/?s={search_term_string}"},"query-input":{"@type":"PropertyValueSpecification","valueRequired":true,"valueName":"search_term_string"}}],"inLanguage":"sv-SE"}]}},"_links":{"self":[{"href":"https:\/\/digitalaekonomerna.se\/index.php?rest_route=\/wp\/v2\/pages\/13","targetHints":{"allow":["GET"]}}],"collection":[{"href":"https:\/\/digitalaekonomerna.se\/index.php?rest_route=\/wp\/v2\/pages"}],"about":[{"href":"https:\/\/digitalaekonomerna.se\/index.php?rest_route=\/wp\/v2\/types\/page"}],"author":[{"embeddable":true,"href":"https:\/\/digitalaekonomerna.se\/index.php?rest_route=\/wp\/v2\/users\/1"}],"replies":[{"embeddable":true,"href":"https:\/\/digitalaekonomerna.se\/index.php?rest_route=%2Fwp%2Fv2%2Fcomments&post=13"}],"version-history":[{"count":17,"href":"https:\/\/digitalaekonomerna.se\/index.php?rest_route=\/wp\/v2\/pages\/13\/revisions"}],"predecessor-version":[{"id":48,"href":"https:\/\/digitalaekonomerna.se\/index.php?rest_route=\/wp\/v2\/pages\/13\/revisions\/48"}],"wp:featuredmedia":[{"embeddable":true,"href":"https:\/\/digitalaekonomerna.se\/index.php?rest_route=\/wp\/v2\/media\/31"}],"wp:attachment":[{"href":"https:\/\/digitalaekonomerna.se\/index.php?rest_route=%2Fwp%2Fv2%2Fmedia&parent=13"}],"curies":[{"name":"wp","href":"https:\/\/api.w.org\/{rel}","templated":true}]}}